{"id":1417,"date":"2023-01-19T00:22:47","date_gmt":"2023-01-19T00:22:47","guid":{"rendered":"https:\/\/2023.m5.ca\/careers\/"},"modified":"2023-01-25T16:13:13","modified_gmt":"2023-01-25T16:13:13","slug":"careers","status":"publish","type":"page","link":"https:\/\/m5.ca\/fr\/careers\/","title":{"rendered":"Carri\u00e8res"},"content":{"rendered":"<h3>Lorsque vous vous joignez \u00e0 m5, vous faites partie de l\u2019une des plus grandes agences de marketing ind\u00e9pendantes au Canada. \u00c0 partir de nos cinq bureaux du Canada atlantique, nous travaillons avec des clients locaux, nationaux et internationaux dans presque tous les secteurs d\u2019activit\u00e9 imaginables.<\/h3>\n<p>Pour cr\u00e9er des strat\u00e9gies et des campagnes qui produisent des r\u00e9sultats pour ces clients, il faut des personnes aux perspectives diverses qui verront un m\u00eame d\u00e9fi de fa\u00e7ons diff\u00e9rentes. Ces personnes doivent \u00e9galement \u00eatre pr\u00eates \u00e0 partager leur point de vue et \u00e0 \u00e9couter les autres. C\u2019est pourquoi nous recherchons des personnes qui sont humbles et ouvertes d\u2019esprit, mais qui font preuve de courage dans leur travail. Les meilleurs d\u2019entre nous sont \u00e0 l\u2019aise avec l\u2019inconfort et posent les questions que personne d\u2019autre ne pose. Notre entreprise m\u00eale l\u2019art et la science; de m\u00eame, nos collaborateurs apportent \u00e0 la fois une forte intuition et une volont\u00e9 de recherche et de mesure.<\/p>\n<p>Ici, chaque jour est diff\u00e9rent. Pour ceux qui le souhaitent, les possibilit\u00e9s sont infinies. Peu importe votre r\u00f4le ou votre niveau de carri\u00e8re, vous apprendrez de vos coll\u00e8gues et de nos clients. Et, parce qu\u2019il s\u2019agit d\u2019un secteur tr\u00e8s dynamique, nous soutenons le personnel par des cours, des webinaires et du mentorat.<\/p>\n<p>Nous aidons notre \u00e9quipe \u00e0 concilier vie priv\u00e9e et vie professionnelle gr\u00e2ce \u00e0 des politiques de travail \u00e0 domicile flexibles, des horaires d\u2019\u00e9t\u00e9 et des cong\u00e9s annuels g\u00e9n\u00e9reux. Nous offrons \u00e9galement un cr\u00e9dit pour une vie saine, un cr\u00e9dit pour les transports en commun, une assurance maladie et des r\u00e9gimes d\u2019\u00e9pargne retraite. Nous prenons soin de notre \u00e9quipe afin qu\u2019elle puisse donner le meilleur d\u2019elle-m\u00eame au travail, pour qu\u2019elle soit pr\u00eate \u00e0 collaborer et \u00e0 cr\u00e9er.<\/p>\n<p>Nous sommes passionn\u00e9s par notre travail, car nous croyons au pouvoir de la cr\u00e9ativit\u00e9 pour r\u00e9soudre les grands probl\u00e8mes. Nous recherchons avant tout des personnes qui partagent notre curiosit\u00e9 pour le monde qui nous entoure. Si vous vous reconnaissez dans cette vision, nous vous invitons \u00e0 postuler.<\/p>\n<p><a class=\"button\" href=\"https:\/\/www.careerbeacon.com\/en\/employer-showcase\/m5-marketing-communications-inc-mlohp3\" rel=\"noopener\" target=\"_blank\">Explorer les opportunit\u00e9s<\/a><\/p>\n","protected":false},"excerpt":{"rendered":"<p>Lorsque vous vous joignez \u00e0 m5, vous faites partie de l\u2019une des plus grandes agences de marketing ind\u00e9pendantes au Canada. \u00c0 partir de nos cinq bureaux du Canada atlantique, nous travaillons avec des clients locaux, nationaux et internationaux dans presque tous les secteurs d\u2019activit\u00e9 imaginables. Pour cr\u00e9er des strat\u00e9gies et des campagnes qui produisent des [&hellip;]<\/p>\n","protected":false},"author":3,"featured_media":0,"parent":0,"menu_order":0,"comment_status":"closed","ping_status":"closed","template":"","meta":{"_acf_changed":false,"inline_featured_image":false,"footnotes":""},"class_list":["post-1417","page","type-page","status-publish","hentry"],"acf":[],"yoast_head":"<!-- This site is optimized with the Yoast SEO plugin v27.4 - https:\/\/yoast.com\/product\/yoast-seo-wordpress\/ -->\n<title>Carri\u00e8res - m5 Marketing Communications.<\/title>\n<meta name=\"robots\" content=\"index, follow, max-snippet:-1, max-image-preview:large, max-video-preview:-1\" \/>\n<link rel=\"canonical\" href=\"https:\/\/m5.ca\/fr\/careers\/\" \/>\n<meta property=\"og:locale\" content=\"fr_FR\" \/>\n<meta property=\"og:type\" content=\"article\" \/>\n<meta property=\"og:title\" content=\"Carri\u00e8res - m5 Marketing Communications.\" \/>\n<meta property=\"og:description\" content=\"Lorsque vous vous joignez \u00e0 m5, vous faites partie de l\u2019une des plus grandes agences de marketing ind\u00e9pendantes au Canada. \u00c0 partir de nos cinq bureaux du Canada atlantique, nous travaillons avec des clients locaux, nationaux et internationaux dans presque tous les secteurs d\u2019activit\u00e9 imaginables. Pour cr\u00e9er des strat\u00e9gies et des campagnes qui produisent des [&hellip;]\" \/>\n<meta property=\"og:url\" content=\"https:\/\/m5.ca\/fr\/careers\/\" \/>\n<meta property=\"og:site_name\" content=\"m5 Marketing Communications.\" \/>\n<meta property=\"article:modified_time\" content=\"2023-01-25T16:13:13+00:00\" \/>\n<meta name=\"twitter:card\" content=\"summary_large_image\" \/>\n<meta name=\"twitter:label1\" content=\"Dur\u00e9e de lecture estim\u00e9e\" \/>\n\t<meta name=\"twitter:data1\" content=\"2 minutes\" \/>\n<script type=\"application\/ld+json\" class=\"yoast-schema-graph\">{\"@context\":\"https:\\\/\\\/schema.org\",\"@graph\":[{\"@type\":\"WebPage\",\"@id\":\"https:\\\/\\\/m5.ca\\\/fr\\\/careers\\\/\",\"url\":\"https:\\\/\\\/m5.ca\\\/fr\\\/careers\\\/\",\"name\":\"Carri\u00e8res - m5 Marketing Communications.\",\"isPartOf\":{\"@id\":\"https:\\\/\\\/m5.ca\\\/fr\\\/#website\"},\"datePublished\":\"2023-01-19T00:22:47+00:00\",\"dateModified\":\"2023-01-25T16:13:13+00:00\",\"breadcrumb\":{\"@id\":\"https:\\\/\\\/m5.ca\\\/fr\\\/careers\\\/#breadcrumb\"},\"inLanguage\":\"fr-FR\",\"potentialAction\":[{\"@type\":\"ReadAction\",\"target\":[\"https:\\\/\\\/m5.ca\\\/fr\\\/careers\\\/\"]}]},{\"@type\":\"BreadcrumbList\",\"@id\":\"https:\\\/\\\/m5.ca\\\/fr\\\/careers\\\/#breadcrumb\",\"itemListElement\":[{\"@type\":\"ListItem\",\"position\":1,\"name\":\"Home\",\"item\":\"https:\\\/\\\/m5.ca\\\/fr\\\/\"},{\"@type\":\"ListItem\",\"position\":2,\"name\":\"Carri\u00e8res\"}]},{\"@type\":\"WebSite\",\"@id\":\"https:\\\/\\\/m5.ca\\\/fr\\\/#website\",\"url\":\"https:\\\/\\\/m5.ca\\\/fr\\\/\",\"name\":\"m5 Marketing Communications.\",\"description\":\"Ideas That Influence\",\"publisher\":{\"@id\":\"https:\\\/\\\/m5.ca\\\/fr\\\/#organization\"},\"potentialAction\":[{\"@type\":\"SearchAction\",\"target\":{\"@type\":\"EntryPoint\",\"urlTemplate\":\"https:\\\/\\\/m5.ca\\\/fr\\\/?s={search_term_string}\"},\"query-input\":{\"@type\":\"PropertyValueSpecification\",\"valueRequired\":true,\"valueName\":\"search_term_string\"}}],\"inLanguage\":\"fr-FR\"},{\"@type\":\"Organization\",\"@id\":\"https:\\\/\\\/m5.ca\\\/fr\\\/#organization\",\"name\":\"m5 Marketing Communications.\",\"url\":\"https:\\\/\\\/m5.ca\\\/fr\\\/\",\"logo\":{\"@type\":\"ImageObject\",\"inLanguage\":\"fr-FR\",\"@id\":\"https:\\\/\\\/m5.ca\\\/fr\\\/#\\\/schema\\\/logo\\\/image\\\/\",\"url\":\"https:\\\/\\\/m5.ca\\\/wp-content\\\/uploads\\\/2022\\\/10\\\/logo-1.png\",\"contentUrl\":\"https:\\\/\\\/m5.ca\\\/wp-content\\\/uploads\\\/2022\\\/10\\\/logo-1.png\",\"width\":300,\"height\":107,\"caption\":\"m5 Marketing Communications.\"},\"image\":{\"@id\":\"https:\\\/\\\/m5.ca\\\/fr\\\/#\\\/schema\\\/logo\\\/image\\\/\"}}]}<\/script>\n<!-- \/ Yoast SEO plugin. -->","yoast_head_json":{"title":"Carri\u00e8res - m5 Marketing Communications.","robots":{"index":"index","follow":"follow","max-snippet":"max-snippet:-1","max-image-preview":"max-image-preview:large","max-video-preview":"max-video-preview:-1"},"canonical":"https:\/\/m5.ca\/fr\/careers\/","og_locale":"fr_FR","og_type":"article","og_title":"Carri\u00e8res - m5 Marketing Communications.","og_description":"Lorsque vous vous joignez \u00e0 m5, vous faites partie de l\u2019une des plus grandes agences de marketing ind\u00e9pendantes au Canada. \u00c0 partir de nos cinq bureaux du Canada atlantique, nous travaillons avec des clients locaux, nationaux et internationaux dans presque tous les secteurs d\u2019activit\u00e9 imaginables. Pour cr\u00e9er des strat\u00e9gies et des campagnes qui produisent des [&hellip;]","og_url":"https:\/\/m5.ca\/fr\/careers\/","og_site_name":"m5 Marketing Communications.","article_modified_time":"2023-01-25T16:13:13+00:00","twitter_card":"summary_large_image","twitter_misc":{"Dur\u00e9e de lecture estim\u00e9e":"2 minutes"},"schema":{"@context":"https:\/\/schema.org","@graph":[{"@type":"WebPage","@id":"https:\/\/m5.ca\/fr\/careers\/","url":"https:\/\/m5.ca\/fr\/careers\/","name":"Carri\u00e8res - m5 Marketing Communications.","isPartOf":{"@id":"https:\/\/m5.ca\/fr\/#website"},"datePublished":"2023-01-19T00:22:47+00:00","dateModified":"2023-01-25T16:13:13+00:00","breadcrumb":{"@id":"https:\/\/m5.ca\/fr\/careers\/#breadcrumb"},"inLanguage":"fr-FR","potentialAction":[{"@type":"ReadAction","target":["https:\/\/m5.ca\/fr\/careers\/"]}]},{"@type":"BreadcrumbList","@id":"https:\/\/m5.ca\/fr\/careers\/#breadcrumb","itemListElement":[{"@type":"ListItem","position":1,"name":"Home","item":"https:\/\/m5.ca\/fr\/"},{"@type":"ListItem","position":2,"name":"Carri\u00e8res"}]},{"@type":"WebSite","@id":"https:\/\/m5.ca\/fr\/#website","url":"https:\/\/m5.ca\/fr\/","name":"m5 Marketing Communications.","description":"Ideas That Influence","publisher":{"@id":"https:\/\/m5.ca\/fr\/#organization"},"potentialAction":[{"@type":"SearchAction","target":{"@type":"EntryPoint","urlTemplate":"https:\/\/m5.ca\/fr\/?s={search_term_string}"},"query-input":{"@type":"PropertyValueSpecification","valueRequired":true,"valueName":"search_term_string"}}],"inLanguage":"fr-FR"},{"@type":"Organization","@id":"https:\/\/m5.ca\/fr\/#organization","name":"m5 Marketing Communications.","url":"https:\/\/m5.ca\/fr\/","logo":{"@type":"ImageObject","inLanguage":"fr-FR","@id":"https:\/\/m5.ca\/fr\/#\/schema\/logo\/image\/","url":"https:\/\/m5.ca\/wp-content\/uploads\/2022\/10\/logo-1.png","contentUrl":"https:\/\/m5.ca\/wp-content\/uploads\/2022\/10\/logo-1.png","width":300,"height":107,"caption":"m5 Marketing Communications."},"image":{"@id":"https:\/\/m5.ca\/fr\/#\/schema\/logo\/image\/"}}]}},"_links":{"self":[{"href":"https:\/\/m5.ca\/fr\/wp-json\/wp\/v2\/pages\/1417","targetHints":{"allow":["GET"]}}],"collection":[{"href":"https:\/\/m5.ca\/fr\/wp-json\/wp\/v2\/pages"}],"about":[{"href":"https:\/\/m5.ca\/fr\/wp-json\/wp\/v2\/types\/page"}],"author":[{"embeddable":true,"href":"https:\/\/m5.ca\/fr\/wp-json\/wp\/v2\/users\/3"}],"replies":[{"embeddable":true,"href":"https:\/\/m5.ca\/fr\/wp-json\/wp\/v2\/comments?post=1417"}],"version-history":[{"count":2,"href":"https:\/\/m5.ca\/fr\/wp-json\/wp\/v2\/pages\/1417\/revisions"}],"predecessor-version":[{"id":1419,"href":"https:\/\/m5.ca\/fr\/wp-json\/wp\/v2\/pages\/1417\/revisions\/1419"}],"wp:attachment":[{"href":"https:\/\/m5.ca\/fr\/wp-json\/wp\/v2\/media?parent=1417"}],"curies":[{"name":"wp","href":"https:\/\/api.w.org\/{rel}","templated":true}]}}